{"id":1003,"date":"2024-10-03T09:06:59","date_gmt":"2024-10-03T09:06:59","guid":{"rendered":"https:\/\/www.casantiagocasarural.com\/index.php\/benvinguts-a-casa-santiago-catala\/"},"modified":"2024-10-08T08:18:58","modified_gmt":"2024-10-08T08:18:58","slug":"benvinguts-a-casa-santiago-catala","status":"publish","type":"page","link":"https:\/\/www.casantiagocasarural.com\/index.php\/ca\/benvinguts-a-casa-santiago-catala\/","title":{"rendered":"Benvinguts a Casa Santiago &#8211; Catal\u00e0"},"content":{"rendered":"\t\t<div data-elementor-type=\"wp-page\" data-elementor-id=\"1003\" class=\"elementor elementor-1003\">\n\t\t\t\t<div class=\"elementor-element elementor-element-1aeb1566 e-flex e-con-boxed e-con e-parent\" data-id=\"1aeb1566\" data-element_type=\"container\">\n\t\t\t\t\t<div class=\"e-con-inner\">\n\t\t\t\t<div class=\"elementor-element elementor-element-39cbd7b0 elementor-widget elementor-widget-text-editor\" data-id=\"39cbd7b0\" data-element_type=\"widget\" data-widget_type=\"text-editor.default\">\n\t\t\t\t<div class=\"elementor-widget-container\">\n\t\t\t\t\t\t\t\t\t<p style=\"text-align: center;\">Casa Santiago \u00e9s una acollidora casa de poble constru\u00efda a principis del segle XX.<\/p>\n<p style=\"text-align: center;\">Est\u00e0 situada al bell mig del poble de Tivenys, un poble tranquil a la vora de l&#8217;Ebre. El seu empla\u00e7ament \u00e9s privilegiat, amb comer\u00e7os ben a prop, cafeteria i a tocar del parc, m\u00e9s conegut com <em>&#8220;lo parque&#8221;<\/em>, on hi ha tamb\u00e9 les piscines municipals i un restaurant on s&#8217;hi menja molt b\u00e9.<\/p>\t\t\t\t\t\t\t\t<\/div>\n\t\t\t\t<\/div>\n\t\t\t\t\t<\/div>\n\t\t\t\t<\/div>\n\t\t<div class=\"elementor-element elementor-element-52497ae9 e-flex e-con-boxed e-con e-parent\" data-id=\"52497ae9\" data-element_type=\"container\">\n\t\t\t\t\t<div class=\"e-con-inner\">\n\t\t\t\t<div class=\"elementor-element elementor-element-64c60349 elementor-widget elementor-widget-spacer\" data-id=\"64c60349\" data-element_type=\"widget\" data-widget_type=\"spacer.default\">\n\t\t\t\t<div class=\"elementor-widget-container\">\n\t\t\t\t\t\t\t<div class=\"elementor-spacer\">\n\t\t\t<div class=\"elementor-spacer-inner\"><\/div>\n\t\t<\/div>\n\t\t\t\t\t\t<\/div>\n\t\t\t\t<\/div>\n\t\t\t\t\t<\/div>\n\t\t\t\t<\/div>\n\t\t<div class=\"elementor-element elementor-element-6bb813d2 e-flex e-con-boxed e-con e-parent\" data-id=\"6bb813d2\" data-element_type=\"container\">\n\t\t\t\t\t<div class=\"e-con-inner\">\n\t\t<div class=\"elementor-element elementor-element-24b5e1c3 e-con-full e-flex e-con e-child\" data-id=\"24b5e1c3\" data-element_type=\"container\">\n\t\t\t\t<div class=\"elementor-element elementor-element-74dc24f7 elementor-widget elementor-widget-qi_addons_for_elementor_interactive_banner\" data-id=\"74dc24f7\" data-element_type=\"widget\" data-widget_type=\"qi_addons_for_elementor_interactive_banner.default\">\n\t\t\t\t<div class=\"elementor-widget-container\">\n\t\t\t\t\t<div class=\"qodef-shortcode qodef-m qodef-qi-interactive-banner qodef-layout--standard qodef--overlay\">\n\t<div class=\"qodef-m-image\">\n\t<img fetchpriority=\"high\" decoding=\"async\" width=\"300\" height=\"200\" src=\"https:\/\/www.casantiagocasarural.com\/wp-content\/uploads\/2024\/07\/Casa-Santiago-105-oscurecida-300x200.png\" class=\"attachment-medium size-medium\" alt=\"Foto decorativa de Casa Santiago\" srcset=\"https:\/\/www.casantiagocasarural.com\/wp-content\/uploads\/2024\/07\/Casa-Santiago-105-oscurecida-300x200.png 300w, https:\/\/www.casantiagocasarural.com\/wp-content\/uploads\/2024\/07\/Casa-Santiago-105-oscurecida-1024x682.png 1024w, https:\/\/www.casantiagocasarural.com\/wp-content\/uploads\/2024\/07\/Casa-Santiago-105-oscurecida-768x512.png 768w, https:\/\/www.casantiagocasarural.com\/wp-content\/uploads\/2024\/07\/Casa-Santiago-105-oscurecida-1536x1023.png 1536w, https:\/\/www.casantiagocasarural.com\/wp-content\/uploads\/2024\/07\/Casa-Santiago-105-oscurecida-841x560.png 841w, https:\/\/www.casantiagocasarural.com\/wp-content\/uploads\/2024\/07\/Casa-Santiago-105-oscurecida-840x560.png 840w, https:\/\/www.casantiagocasarural.com\/wp-content\/uploads\/2024\/07\/Casa-Santiago-105-oscurecida.png 1600w\" sizes=\"(max-width: 300px) 100vw, 300px\" \/><\/div>\n\t<div class=\"qodef-m-content\">\n\t\t<div class=\"qodef-m-content-inner\">\n\t\t\t\t\t\t\t<h3 class=\"qodef-m-title\">\n\t\tCases\t<\/h3>\n\t\t\t\t\t<\/div>\n\t<\/div>\n\t<a itemprop=\"url\" href=\"\/index.php\/cases\" class=\"qodef-m-banner-link\" target=\"_self\"><\/a>\n<\/div>\n\t\t\t\t<\/div>\n\t\t\t\t<\/div>\n\t\t\t\t<\/div>\n\t\t<div class=\"elementor-element elementor-element-7ad7707e e-con-full e-flex e-con e-child\" data-id=\"7ad7707e\" data-element_type=\"container\">\n\t\t\t\t<div class=\"elementor-element elementor-element-4a8fac64 elementor-widget elementor-widget-qi_addons_for_elementor_interactive_banner\" data-id=\"4a8fac64\" data-element_type=\"widget\" data-widget_type=\"qi_addons_for_elementor_interactive_banner.default\">\n\t\t\t\t<div class=\"elementor-widget-container\">\n\t\t\t\t\t<div class=\"qodef-shortcode qodef-m qodef-qi-interactive-banner qodef-layout--standard qodef--overlay\">\n\t<div class=\"qodef-m-image\">\n\t<img decoding=\"async\" width=\"640\" height=\"428\" src=\"https:\/\/www.casantiagocasarural.com\/wp-content\/uploads\/2024\/07\/casa-santiago-140.png\" class=\"attachment-full size-full\" alt=\"Foto decorativa d&#039;uns fruits\" srcset=\"https:\/\/www.casantiagocasarural.com\/wp-content\/uploads\/2024\/07\/casa-santiago-140.png 640w, https:\/\/www.casantiagocasarural.com\/wp-content\/uploads\/2024\/07\/casa-santiago-140-300x201.png 300w\" sizes=\"(max-width: 640px) 100vw, 640px\" \/><\/div>\n\t<div class=\"qodef-m-content\">\n\t\t<div class=\"qodef-m-content-inner\">\n\t\t\t\t\t\t\t<h3 class=\"qodef-m-title\">\n\t\tSobre Nosaltres\t<\/h3>\n\t\t\t\t\t<\/div>\n\t<\/div>\n\t<a itemprop=\"url\" href=\"\/index.php\/qui-som\" class=\"qodef-m-banner-link\" target=\"_self\"><\/a>\n<\/div>\n\t\t\t\t<\/div>\n\t\t\t\t<\/div>\n\t\t\t\t<\/div>\n\t\t<div class=\"elementor-element elementor-element-1f3b54a2 e-con-full e-flex e-con e-child\" data-id=\"1f3b54a2\" data-element_type=\"container\">\n\t\t\t\t<div class=\"elementor-element elementor-element-75c3fe78 elementor-widget elementor-widget-qi_addons_for_elementor_interactive_banner\" data-id=\"75c3fe78\" data-element_type=\"widget\" data-widget_type=\"qi_addons_for_elementor_interactive_banner.default\">\n\t\t\t\t<div class=\"elementor-widget-container\">\n\t\t\t\t\t<div class=\"qodef-shortcode qodef-m qodef-qi-interactive-banner qodef-layout--standard qodef--overlay\">\n\t<div class=\"qodef-m-image\">\n\t<img decoding=\"async\" width=\"640\" height=\"428\" src=\"https:\/\/www.casantiagocasarural.com\/wp-content\/uploads\/2024\/07\/LMDC-0615.png\" class=\"attachment-full size-full\" alt=\"Foto del riu Ebre\" srcset=\"https:\/\/www.casantiagocasarural.com\/wp-content\/uploads\/2024\/07\/LMDC-0615.png 640w, https:\/\/www.casantiagocasarural.com\/wp-content\/uploads\/2024\/07\/LMDC-0615-300x201.png 300w\" sizes=\"(max-width: 640px) 100vw, 640px\" \/><\/div>\n\t<div class=\"qodef-m-content\">\n\t\t<div class=\"qodef-m-content-inner\">\n\t\t\t\t\t\t\t<h3 class=\"qodef-m-title\">\n\t\tQu\u00e8 Fer\t<\/h3>\n\t\t\t\t\t<\/div>\n\t<\/div>\n\t<a itemprop=\"url\" href=\"\/index.php\/que-fer\" class=\"qodef-m-banner-link\" target=\"_self\"><\/a>\n<\/div>\n\t\t\t\t<\/div>\n\t\t\t\t<\/div>\n\t\t\t\t<\/div>\n\t\t<div class=\"elementor-element elementor-element-132c26e0 e-con-full e-flex e-con e-child\" data-id=\"132c26e0\" data-element_type=\"container\">\n\t\t\t\t<div class=\"elementor-element elementor-element-6cbbac75 elementor-widget elementor-widget-qi_addons_for_elementor_interactive_banner\" data-id=\"6cbbac75\" data-element_type=\"widget\" data-widget_type=\"qi_addons_for_elementor_interactive_banner.default\">\n\t\t\t\t<div class=\"elementor-widget-container\">\n\t\t\t\t\t<div class=\"qodef-shortcode qodef-m qodef-qi-interactive-banner qodef-layout--standard qodef--overlay\">\n\t<div class=\"qodef-m-image\">\n\t<img loading=\"lazy\" decoding=\"async\" width=\"1600\" height=\"1065\" src=\"https:\/\/www.casantiagocasarural.com\/wp-content\/uploads\/2024\/07\/casa-santiago-108.png\" class=\"attachment-full size-full\" alt=\"Foto decorativa de Casa Santiago\" srcset=\"https:\/\/www.casantiagocasarural.com\/wp-content\/uploads\/2024\/07\/casa-santiago-108.png 1600w, https:\/\/www.casantiagocasarural.com\/wp-content\/uploads\/2024\/07\/casa-santiago-108-300x200.png 300w, https:\/\/www.casantiagocasarural.com\/wp-content\/uploads\/2024\/07\/casa-santiago-108-1024x682.png 1024w, https:\/\/www.casantiagocasarural.com\/wp-content\/uploads\/2024\/07\/casa-santiago-108-768x511.png 768w, https:\/\/www.casantiagocasarural.com\/wp-content\/uploads\/2024\/07\/casa-santiago-108-1536x1022.png 1536w, https:\/\/www.casantiagocasarural.com\/wp-content\/uploads\/2024\/07\/casa-santiago-108-841x560.png 841w, https:\/\/www.casantiagocasarural.com\/wp-content\/uploads\/2024\/07\/casa-santiago-108-840x560.png 840w\" sizes=\"(max-width: 1600px) 100vw, 1600px\" \/><\/div>\n\t<div class=\"qodef-m-content\">\n\t\t<div class=\"qodef-m-content-inner\">\n\t\t\t\t\t\t\t<h3 class=\"qodef-m-title\">\n\t\tPreus i Reserves\t<\/h3>\n\t\t\t\t\t<\/div>\n\t<\/div>\n\t<a itemprop=\"url\" href=\"\/index.php\/preus-i-reserves\" class=\"qodef-m-banner-link\" target=\"_self\"><\/a>\n<\/div>\n\t\t\t\t<\/div>\n\t\t\t\t<\/div>\n\t\t\t\t<\/div>\n\t\t\t\t\t<\/div>\n\t\t\t\t<\/div>\n\t\t\t\t<\/div>\n\t\t","protected":false},"excerpt":{"rendered":"<p>Casa Santiago \u00e9s una acollidora casa de poble constru\u00efda a principis del segle XX. Est\u00e0 situada al bell mig del poble de Tivenys, un poble tranquil a la vora de l&#8217;Ebre. El seu empla\u00e7ament \u00e9s privilegiat, amb comer\u00e7os ben a prop, cafeteria i a tocar del parc, m\u00e9s conegut com &#8220;lo parque&#8221;, on hi ha &hellip; <a href=\"https:\/\/www.casantiagocasarural.com\/index.php\/ca\/benvinguts-a-casa-santiago-catala\/\" class=\"more-link\">Continue reading<span class=\"screen-reader-text\"> &#8220;Benvinguts a Casa Santiago &#8211; Catal\u00e0&#8221;<\/span><\/a><\/p>\n","protected":false},"author":1,"featured_media":0,"parent":0,"menu_order":0,"comment_status":"closed","ping_status":"closed","template":"template-front-page.php","meta":{"footnotes":""},"class_list":["post-1003","page","type-page","status-publish","hentry"],"jetpack_sharing_enabled":true,"_links":{"self":[{"href":"https:\/\/www.casantiagocasarural.com\/index.php\/wp-json\/wp\/v2\/pages\/1003","targetHints":{"allow":["GET"]}}],"collection":[{"href":"https:\/\/www.casantiagocasarural.com\/index.php\/wp-json\/wp\/v2\/pages"}],"about":[{"href":"https:\/\/www.casantiagocasarural.com\/index.php\/wp-json\/wp\/v2\/types\/page"}],"author":[{"embeddable":true,"href":"https:\/\/www.casantiagocasarural.com\/index.php\/wp-json\/wp\/v2\/users\/1"}],"replies":[{"embeddable":true,"href":"https:\/\/www.casantiagocasarural.com\/index.php\/wp-json\/wp\/v2\/comments?post=1003"}],"version-history":[{"count":7,"href":"https:\/\/www.casantiagocasarural.com\/index.php\/wp-json\/wp\/v2\/pages\/1003\/revisions"}],"predecessor-version":[{"id":1019,"href":"https:\/\/www.casantiagocasarural.com\/index.php\/wp-json\/wp\/v2\/pages\/1003\/revisions\/1019"}],"wp:attachment":[{"href":"https:\/\/www.casantiagocasarural.com\/index.php\/wp-json\/wp\/v2\/media?parent=1003"}],"curies":[{"name":"wp","href":"https:\/\/api.w.org\/{rel}","templated":true}]}}